{"id":959,"date":"2019-09-24T09:21:31","date_gmt":"2019-09-24T09:21:31","guid":{"rendered":"https:\/\/musea.qodeinteractive.com\/?page_id=959"},"modified":"2021-10-27T20:44:35","modified_gmt":"2021-10-27T20:44:35","slug":"about-us","status":"publish","type":"page","link":"http:\/\/estudiotallerlorenzo.com\/?page_id=959","title":{"rendered":"Curr\u00edculum"},"content":{"rendered":"<p>[vc_row content_placement=&#8221;middle&#8221; row_content_width=&#8221;grid&#8221; content_text_aligment=&#8221;center&#8221; css=&#8221;.vc_custom_1632164267326{padding-top: 147px !important;padding-bottom: 52px !important;}&#8221; simple_background_color=&#8221;#ffffff&#8221;][vc_column]<div class=\"eltdf-section-title-holder   eltdf-st-decorative-line\" >\n\t<div class=\"eltdf-st-inner\">\n                    <span class=\"eltdf-st-caption\" style=\"color: #c9ab81;margin: 0 0 6px 0\">\n                <span class=\"eltdf-st-caption-inner\" >Acerca de<\/span>\n            <\/span>\n        \t\t\t\t\t<h2 class=\"eltdf-st-title\" >\n    <span class=\"eltdf-st-title-inner\"><span class=\"eltdf-st-side-line-left\" ><\/span>JOS\u00c9 LUIS LORENZO D\u00cdAZ<span class=\"eltdf-st-side-line-right\" ><\/span><\/span>\n\t\t\t<\/h2>\n\t\t\t\t\t\t\t<p class=\"eltdf-st-text\" style=\"font-size: 19px;line-height: 28px;margin: 13px 0 0 0\">\n\t\t\t\t27 de febrero de 1976, Pinar del R\u00edo, Cuba.\t\t\t<\/p>\n\t\t\t\t\t<\/div>\n<\/div>[\/vc_column][\/vc_row][vc_row content_placement=&#8221;top&#8221; row_content_width=&#8221;grid&#8221; content_text_aligment=&#8221;left&#8221; css=&#8221;.vc_custom_1569319432692{padding-bottom: 72px !important;}&#8221;][vc_column offset=&#8221;vc_col-lg-offset-0 vc_col-lg-12 vc_col-md-offset-0 vc_col-md-12 vc_col-sm-offset-0 vc_col-xs-12&#8243;][vc_column_text]Graduado en la Escuela Profesional de Artes Pl\u00e1sticas de Pinar del R\u00edo.<\/p>\n<p>Es miembro de la Asociaci\u00f3n Hermanos Sa\u00edz (AHS), la Uni\u00f3n de Escritores y Artistas de Cuba (UNEAC) y artista fundador del Museo Internacional Arte Digital (MIAD) Venado Tuerto, Argentina del que es su representante en Cuba. Adem\u00e1s de emplazar esculturas monumentales, realizar murales, dise\u00f1ar cat\u00e1logos e ilustrar revistas y libros, ha integrado jurados en prestigiosos eventos nacionales, provinciales y municipales. Consta con la Medalla XX aniversario de la Asociaci\u00f3n Hermanos Sa\u00edz como reconocimiento por el aporte a la cultura cubana. Es nominado por su obra y trayectoria al Premio UNEAC 2013, se le otorgan en el 2019 la DISTINCI\u00d2N NUECES de la AHS por desarrollar una obra de referencia para los j\u00f3venes creadores y el reconocimiento \u201cInternational Artist Master\u201d, en la expo It is Humanity Images of the World. BANGKOK ART CENTER AND CULTURE. Actualmente se desempe\u00f1a como pintor, dibujante, grabador, escultor e instalacionista; es artista independiente y posee m\u00e1s de cientoochenta \u00a0exposiciones y proyectos colectivos en Cuba y el extranjero, treinta exposiciones personales, ocho menciones y treinta y tres premios entre los que sobresalen:<\/p>\n<p><strong>Premio ARTE VENEZIA<\/strong>, otorgado por Salvo Nugnes, Curatore di mostre e grandi eventi, Venezia, Italia, Maggio 2021,<br \/>\n<strong>PREMIO ORIGINALIDAD<\/strong>. BIENALE DEL SENSO E DELLAMATERIA\u00a0 5 EDIZIONE. Cantalice. Italia. 2020.<br \/>\n<strong>Premio del jurado<\/strong> en el evento PREMIO SENSORIALISMO MATERICO 7 EDIZIONE. Cantalice, Italia, 2019.<br \/>\n<strong>MENZIONE SPECIALE CRITICA. <\/strong>GOLDEN PRIZE 2019, expo internazionale. Padova, Italia.<br \/>\n<strong>Premio<\/strong> en El Sal\u00f3n Experimental Arturo Regueiro, en su Decima Edici\u00f3n. Pinar del R\u00edo, Cuba. 2018.<br \/>\n<strong>Premio<\/strong> en El Sal\u00f3n de Adquisici\u00f3n Arturo Regueiro, en su Tercera Edici\u00f3n. Pinar del R\u00edo, Cuba. 2015.<br \/>\n<strong>Primer premio<\/strong> en el Sal\u00f3n Experimental de Arte Er\u00f3tico Arturo Regueiro, Pinar del R\u00edo, Cuba. 2014.<br \/>\n<strong>Primer premio<\/strong> en el Sal\u00f3n \u201cVisualidad Tropical\u201d Editorial Cauce, Pinar del R\u00edo, Cuba, 2008.<br \/>\n<strong>Premio<\/strong> de adquisici\u00f3n, en el I Sal\u00f3n de adquisici\u00f3n de la UNEAC. Pinar del R\u00edo, 2006.<br \/>\n<strong>Premio<\/strong> de adquisici\u00f3n en el \u201cSal\u00f3n del Tabaco\u201d.\u00a0 San Luis, Pinar del R\u00edo, Cuba, 2005.<br \/>\n<strong>Premios<\/strong> <strong>CUBA<em>neo<\/em> <\/strong>de las Artes Pl\u00e1sticas otorgado por la Casa-Taller <em>Pedro Pablo Oliva<\/em> a la obra m\u00e1s sobresaliente del a\u00f1o en 2003, 2001 y 1998, respectivamente. Pinar del R\u00edo.<br \/>\n<strong>Premio<\/strong> en el \u201cSal\u00f3n 14 de Diciembre\u201d, ediciones de 2004, 2001, 2000, 1998 y 1997.<br \/>\n<strong>Premio<\/strong> del Taller Experimental de la Gr\u00e1fica en el \u201cD\u00e9cimo Sal\u00f3n Nacional de Premiados\u201d. Centro de Desarrollo de las Artes Visuales. La Habana, Cuba, 2004.<br \/>\n<strong>Premio<\/strong> en el \u201cSal\u00f3n de Artes Pl\u00e1sticas 20 de Octubre\u201d. Pinar del R\u00edo, 2003 y 1999.<br \/>\n<strong>Premio Colateral<\/strong> del Fondo Cubano de Bienes Culturales (FCBC) en el \u201cSal\u00f3n de Artes Pl\u00e1sticas 20 de Octubre\u201d. Pinar del R\u00edo, 2001.<br \/>\n<strong>Premio<\/strong> en el \u201cSal\u00f3n Provincial de Alumnos, Graduados y Profesores\u201d de la Academia de Artes Pl\u00e1sticas de Pinar del R\u00edo. Galer\u00eda Tele-Pinar. Pinar del R\u00edo, 2001.<br \/>\n<strong>Premio Colateral<\/strong> del Consejo Provincial de las Artes Pl\u00e1sticas en el \u201cV Sal\u00f3n Nacional Tiburcio Lorenzo\u201d. UNEAC. Pinar del R\u00edo, 2001.<br \/>\n<strong>Menci\u00f3n<\/strong> en el \u201cII Sal\u00f3n de Arte Er\u00f3tico\u201d. Galer\u00eda La Acacia. La Habana, 2001.<br \/>\n<strong>Premio<\/strong> en escultura e instalaci\u00f3n en el evento internacional \u201cVisuarte\u201d. Cienfuegos, Cuba, 2001.<br \/>\n<strong>Premio<\/strong> con <em>Performance<\/em> en el evento \u201cM\u00e1scaras en Pasarela\u201d. ACAA. Pinar del R\u00edo, 2001.<br \/>\n<strong>Premios<\/strong> otorgados por Escuela Profesional de Artes Pl\u00e1sticas (EPAP), UNEAC y la AHS en el \u201cII Sal\u00f3n de Arte Joven\u201d. Pinar del R\u00edo, 1998.<br \/>\n<strong>Premio<\/strong> de Creaci\u00f3n otorgado por la AHS al mejor proyecto expositivo, Met\u00e1fora Insular, presentado en 1997.<\/p>\n<p>Su obra se reconoce en diversos libros y cat\u00e1logos de importancia como:<br \/>\nEL CATALOGO L\u2019 ARTE IN QUARANTENA, EDITORIALE GIORGIO MONDADORI ITALIA 2021. EL CATALOGO THE ART OF NATURE HOMAGE TO J.BEUYS 2018, EL CATALOGO SPOLETO FESTIVAL ART dal 27al 30 SETTEMBRE, CHIOSTRO DI SAN NICOL\u00d3, EXPO 2013 en Italia y El CATALOGO INTERNACIONAL DE ARTE MODERNO &#8211; MDS n\u00b0 12 (2012-2013), en Italia.<br \/>\nEL CATALOGO IAAF 2012, FERIA DE ARTE LATINO AMERICANO DE SEOUL COREA DE SUR. EN EL MUSEO HANGARAN DE SEOUL. Cuba fue\u00a0representada por 125 artistas. y los diccionarios, ESCULTURA EN CUBA SIGLO XX de Jos\u00e9 Veigas y El Diccionario Biogr\u00e1fico de las Artes Pl\u00e1sticas Tomo II de Ursulina Cruz D\u00edaz.<\/p>\n<p><strong>Entre sus Exposiciones m\u00e1s importantes se encuentran:<br \/>\n<\/strong><\/p>\n<p>2021: \u201cJos\u00e9 Luis Lorenzo de Cuba\u201d, ciclo 14 del 22 de Julio al 22 de Agosto del 2021, galer\u00eda Quarentena, Chile.<\/p>\n<p>2020: \u201cJos\u00e9 Luis Lorenzo de Cuba\u201d, ciclo 3 del 14 de Julio al 14 de Agosto del 2020, galer\u00eda Quarentena, Chile.<br \/>\n-Contemporary art expo. Con il riconoscimento di Jose Van Roy Dali. Padova, Italia.<\/p>\n<p>2019:- MITI E UTOPIE di Jos\u00e9 Luis Lorenzo D\u00edaz, 15 de febrero del 2019 en QueenArtStudio Gallery. Centro Espositivo di Arte Internazionale. Padova, Italia.<br \/>\n-Jos\u00e9 Luis Lorenzo D\u00edaz in esposizione permanente presso queenartstudiogallery. Padova Italia.<br \/>\n-HET KABINET, Kunst uit eigen Huis. SCHILDER-GRAFIEK- TEKENKUNST. Junio de 2019 Borgloon. B\u00e9lgica.<\/p>\n<p>2018:- Expo colectiva en el evento THE ART OF NATURE HOMAGE TO J.BEUYS, 14-23 DECEMBER 2018 en Padova, Italia.<\/p>\n<p>2015:- The Convergence of two Cultures Exhibition at Casa del ALBA Cultura de la Habana, Noviembre, 2015.<\/p>\n<p>-The Convergence of two Cultures, Similarities and Differences between Nova Scotia and Pinar del R\u00edo. June 26 to July21, 2015. Centreville, King\u00b4s County, Nova Scotia.<br \/>\n-Has Participated in the Pinar del R\u00edo \/ Nova Scotia Cultural Exchange Exhibit at the fraser Cultural Centre, Tatamagouche, Nova Scotia. July 24- August 39. 2015.<\/p>\n<p>2014: -DIMENSIONES VARIABLES, muestra colectiva de artistas pinare\u00f1os En la Casa del ALBA CULTURAL Octubre, Noviembre, 2014 ciudad Habana, Cuba.<strong><br \/>\n<\/strong>-Similar Yet Different Parecidos pero Differentes \u201cThe Convergence of Two Cultures: The Surprising Similarities Between Nova Scotia and Cuba\u201d.June 6, 2014 Inverness Country Centre for the Arts.<\/p>\n<p>2013:-Expo mini personal en SPOLETO FESTIVAL ART 2013 del 27 \u2013 30 de Septiembre, Italia.<\/p>\n<p>2011:-Expo Senderos muestra de arte joven de Pinar, Pabell\u00f3n Cuba, La habana.<br \/>\n-Expo colectiva de pintores Sardos y cubanos en el PREMIO INTERNAZIONALE DI PITTURA \u201cISOLE\u201d IX EDIZIONE: SARDEGNA-CUBA, en Padru, Sardegna, Italia. Y la Muestra de arte cubano realizada en el marco de este evento en el centro cultural de Padru, Sardegna, Italia.<\/p>\n<p>2010:-Expo \u201cCuban connections\u201d en la galer\u00eda Pier 21. Noviembre 2010. Canad\u00e1.<br \/>\n-Expo del MAPRI en el sal\u00f3n blanco en el convento de San Francisco De Azis, La Habana.<\/p>\n<p>2008:-Muestra colectiva, \u201cEscrituras profanas \u201c. De los premios cubaneos de artes pl\u00e1stica en el Museo de arte de Pinar del R\u00edo.<br \/>\n-Muestra colectiva, \u201cDe Pinar\u2026 Epilogo Visual\u201d, 26 de Marzo del 2008, Galer\u00eda Collage Habana, Ciudad Habana, Cuba.<br \/>\n-4ta Muestra de Arte Er\u00f3tico del\u00a0proyecto &#8220;La Raya&#8221; Mar del Plata, Provincia de Buenos Aires.<br \/>\n-Expo colectiva de 12 artistas del mundo 31 de Mayo al 22 de Junio, galerij Luc Lapere, en B\u00e9lgica<br \/>\n-Expo colectiva 45 artistas Vruchtbaarheid en erotiek, 6\/4 -18\/5 Borgloon.<br \/>\n-Expo colectiva de 10 artistas del mundo en B\u00e9lgica, del 9 de Febrero al 8 de Marzo del 2008.<\/p>\n<p>2007:<strong>&#8211;<\/strong>Sal\u00f3n Nacional de grabado 2007. Centro Nacional de Artes Pl\u00e1sticas, La Habana y sus muestras itinerantes por todas las provincias del pa\u00eds.<br \/>\n-Expo colectiva de grabado de peque\u00f1o formato en la galer\u00eda Or\u00edgenes, La Habana.<br \/>\n-Expo colectivas con j\u00f3venes artistas pinare\u00f1os &#8220;Isla de Sue\u00f1os&#8221;, Galer\u00eda &#8220;LOS CUENCOS&#8221;, Junio 2007, Ciudad de Mar del Plata, Buenos Aires, Argentina.<br \/>\n-Expo colectivas con j\u00f3venes artistas pinare\u00f1os &#8220;Isla de Sue\u00f1os&#8221;, en el Museo del Puerto &#8220;CLETO CIOCCHINI&#8221;, Abril 2007. Ciudad de Mar del Plata, Buenos Aires, Argentina.<br \/>\n-Expo colectiva de arte cubano en la feria de colectividades, en febrero, alta gracia, C\u00f3rdoba, Argentina.<br \/>\n-IV Bienal de las artes y la salud Mental. Galer\u00eda Arturo Regueiro, Pinar del R\u00edo.<u><\/u><\/p>\n<p>2006:-Exposici\u00f3n colectiva <strong>JET \u2013 LAC. <\/strong>Colateral a la Novena Bienal de la Habana, Galer\u00eda Carmen Montilla, Habana Vieja. Cuba.<\/p>\n<p>2005:-Expo <strong><em>2+2 no siempre es paisaje<\/em><\/strong>. Galer\u00eda Villa Manuela. Ciudad Habana. Cuba.<\/p>\n<p>2004:-Exposici\u00f3n de grabadores de Pinar del R\u00edo en la casa Sim\u00f3n Bol\u00edvar En el marco del 8vo Evento Nacional de grabado 2004.La Habana.<br \/>\n-8vo Evento Nacional de grabado 2004. Centro Wilfredo Lam. La Habana.<br \/>\n-Marzo-abril: Expo itinerante \u201cCuba en Cien Im\u00e1genes\u201d (muestra colectiva de pinturas, fotograf\u00edas\u00a0 y grabados de artistas contempor\u00e1neos cubanos, curada por David Mateo) en Campi Bisenzio, en\u00a0 la\u00a0 Villa Bellosguardo (antigua casa de Caruso, hoy Centro Cultural de Lastra a Signa), y en la Sede\u00a0 del Concilio o Alcald\u00eda de Lastra a Signa. La Toscana. Italia.<\/p>\n<p>2003:-<strong>Octava Bienal de la Habana:<\/strong> expo \u201cSED\u201d. Galer\u00eda Imago Gran Teatro de la Habana. Noviembre Diciembre \/ 2003.<br \/>\n&#8211;<strong>Octava Bienal de la Habana:<\/strong> expo \u201cContando a la izquierda\u201d. Galer\u00eda Mariano Rodr\u00edguez. Noviembre Diciembre \/ 2003. La habana Cuba.<br \/>\n-Evento nacional \u201cNATURARTE\u201d. Realizado en Dos Hermanas Vi\u00f1ale, Pinar del R\u00edo. Cuba.<br \/>\n-Expo colectiva de pintores pinare\u00f1os en EXPO CUBA. La Habana.<\/p>\n<p>2002:-<em>ST El grabado<\/em>, muestra organizada por el t\u00e1ller de la grafica de la Habana y el centro provincial de Artes Pl\u00e1stica en Pinar del R\u00edo.<br \/>\n-Participaci\u00f3n en la ejecuci\u00f3n del proyecto \u201cGaler\u00eda Rodante\u201d. con \u00e9l Auto que representaba a los artistas de P del R\u00edo.<br \/>\n-Ejecuci\u00f3n del proyecto EL HABITO NO HACE EL ARTE. Intervenci\u00f3n en la discoteca del Hotel. Pinar del R\u00edo.<\/p>\n<p>2001:-Sal\u00f3n de Peque\u00f1o Formato. Romer\u00eda de Mayo. Holgu\u00edn. Cuba.<br \/>\n-Sal\u00f3n Nacional de GRAVADO 2001. Galer\u00eda Wilfredo Lam. Ciudad Habana. Cuba.<br \/>\n-Participaci\u00f3n con Performance en el espect\u00e1culo por los 20 a\u00f1os de la ACAA. Teatro Nacional Sala\u00a0 Cobarubia. Cuba.<br \/>\n-Expo Internacional VISUARTE 2001. Cienfuegos. Cuba.<br \/>\n-Expo: \u201cUn invierno en La Habana\u201d. Complejo Morro Caba\u00f1a. La Habana. Cuba.<\/p>\n<p>2000:-Primer Sal\u00f3n de Peque\u00f1o Formato \u201cPor un Siglo m\u00e1s Verde\u201d. CPAV. Pinar del R\u00edo. Cuba.<br \/>\n-Sal\u00f3n de Arte Joven. CPAV. Pinar del R\u00edo. Cuba.<br \/>\n-Sal\u00f3n Provincial 20 de Octubre \u201cEl Icono se desdibuja\u201d. CPAV. Pinar del R\u00edo. Cuba.<br \/>\n-Expo \u201cArte Sacro Cubano\u201d Galer\u00eda Josefina. Managua, Nicaragua.<\/p>\n<p>1999:-Expo Coloquio Nacional Artes Visuales. Matanzas. Cuba.<br \/>\n-III Sal\u00f3n de Arte Joven. CPAV. Pinar del R\u00edo. Cuba.<br \/>\n-III Festival Cubarriba de la Cultura Cubana. Chieti. Italia.<br \/>\n-III Festival Cubarriba de la Cultura Cubana. Pescara. Italia.<br \/>\n-III Sal\u00f3n de Arte Sacro, Casa de las Hijas de la caridad. Pinar del R\u00edo.<\/p>\n<p>1998:-Expo \u201cS\u00edmbolos y otros recuerdos. CPAV. Coloquio Pinar del R\u00edo.<br \/>\n-Expo \u201cFabricando huellas\u201d. EPAP. Pinar del R\u00edo. Cuba.<br \/>\n-XVI Sal\u00f3n Provincial 20 de Octubre. CPAV. Pinar del R\u00edo. Cuba.<\/p>\n<p>1997:-Sal\u00f3n de peque\u00f1o formato. Holgu\u00edn. Cuba.<br \/>\n-Excursi\u00f3n a Vueltarriba. Romer\u00edas de Mayo. Holgu\u00edn. Cuba.<br \/>\n-Expo \u201cGravados de Pinar\u201d. Galer\u00eda Domingo Ravenet. Ciudad Habana.<br \/>\n-Expo \u201cIslas interiores\u201d. UNEAC. Pinar del R\u00edo. Cuba.<br \/>\n-XV Sal\u00f3n Provincial 20 de Octubre. CPAV. Coloquio Pinar del R\u00edo.<\/p>\n<p>1996:-Expo artistas pinare\u00f1os \u201dProposici\u00f3n\u201d. CPAV. Pinar del R\u00edo. Cuba.<br \/>\n-Bienal Internacional de Estudiantes Acad\u00e9mica \u201896. Academia de San Alejandro. Cuba.<br \/>\n-Expo \u201cSe mandaron pa\u2019 home\u201d. CPAP. Ciudad Habana.<\/p>\n<p>1995:-Expo \u201cVerdes pero dulces\u201d. CPAV. Pinar del R\u00edo. Cuba.<br \/>\n-Sal\u00f3n Espacio Libre. UNEAC. Pinar del R\u00edo. Cuba.<br \/>\n-II Sal\u00f3n de Arte Religioso Contempor\u00e1neo. Pinar del R\u00edo. Cuba.<\/p>\n<p>Obras de este artista se encuentran en colecciones privadas y estatales en pa\u00edses como Alemania, Argentina, B\u00e9lgica, Canad\u00e1, Colombia, Corea, Costa Rica, Cuba, Chile, Ecuador, Espa\u00f1a, Estados Unidos, Francia, Holanda, Italia, M\u00e9xico, Nicaragua, Noruega, Panam\u00e1, Portugal, Uruguay y Venezuela. Lorenzo est\u00e1 considerado por la cr\u00edtica el m\u00e1ximo exponente del Zoomorfismo en Cuba.[\/vc_column_text][\/vc_column][\/vc_row]<\/p>\n","protected":false},"excerpt":{"rendered":"<p>[vc_row content_placement=&#8221;middle&#8221; row_content_width=&#8221;grid&#8221; content_text_aligment=&#8221;center&#8221; css=&#8221;.vc_custom_1632164267326{padding-top: 147px !important;padding-bottom: 52px !important;}&#8221; simple_background_color=&#8221;#ffffff&#8221;][vc_column][\/vc_column][\/vc_row][vc_row content_placement=&#8221;top&#8221; row_content_width=&#8221;grid&#8221; content_text_aligment=&#8221;left&#8221; css=&#8221;.vc_custom_1569319432692{padding-bottom: 72px !important;}&#8221;][vc_column offset=&#8221;vc_col-lg-offset-0 vc_col-lg-12 vc_col-md-offset-0 vc_col-md-12 vc_col-sm-offset-0 vc_col-xs-12&#8243;][vc_column_text]Graduado en la Escuela Profesional de Artes Pl\u00e1sticas de Pinar del R\u00edo. Es miembro de la Asociaci\u00f3n Hermanos Sa\u00edz [&hellip;]<\/p>\n","protected":false},"author":1,"featured_media":0,"parent":0,"menu_order":0,"comment_status":"closed","ping_status":"closed","template":"full-width.php","meta":{"footnotes":""},"class_list":["post-959","page","type-page","status-publish","hentry"],"_links":{"self":[{"href":"http:\/\/estudiotallerlorenzo.com\/index.php?rest_route=\/wp\/v2\/pages\/959","targetHints":{"allow":["GET"]}}],"collection":[{"href":"http:\/\/estudiotallerlorenzo.com\/index.php?rest_route=\/wp\/v2\/pages"}],"about":[{"href":"http:\/\/estudiotallerlorenzo.com\/index.php?rest_route=\/wp\/v2\/types\/page"}],"author":[{"embeddable":true,"href":"http:\/\/estudiotallerlorenzo.com\/index.php?rest_route=\/wp\/v2\/users\/1"}],"replies":[{"embeddable":true,"href":"http:\/\/estudiotallerlorenzo.com\/index.php?rest_route=%2Fwp%2Fv2%2Fcomments&post=959"}],"version-history":[{"count":17,"href":"http:\/\/estudiotallerlorenzo.com\/index.php?rest_route=\/wp\/v2\/pages\/959\/revisions"}],"predecessor-version":[{"id":3578,"href":"http:\/\/estudiotallerlorenzo.com\/index.php?rest_route=\/wp\/v2\/pages\/959\/revisions\/3578"}],"wp:attachment":[{"href":"http:\/\/estudiotallerlorenzo.com\/index.php?rest_route=%2Fwp%2Fv2%2Fmedia&parent=959"}],"curies":[{"name":"wp","href":"https:\/\/api.w.org\/{rel}","templated":true}]}}